{"id":148,"date":"2025-02-05T17:40:05","date_gmt":"2025-02-05T16:40:05","guid":{"rendered":"https:\/\/schluesseldienst-bauer.de\/regensburg\/?page_id=148"},"modified":"2025-02-05T17:44:08","modified_gmt":"2025-02-05T16:44:08","slug":"impressum","status":"publish","type":"page","link":"https:\/\/schluesseldienst-bauer.de\/regensburg\/impressum\/","title":{"rendered":"Impressum"},"content":{"rendered":"<div class=\"wpb-content-wrapper\"><p>[vc_row full_width=&#8220;stretch_row&#8220; bg_type=&#8220;image&#8220; parallax_style=&#8220;vcpb-vz-jquery&#8220; bg_image_new=&#8220;id^110|url^https:\/\/schluesseldienst-bauer.de\/regensburg\/wp-content\/uploads\/2025\/02\/regensburg.webp|caption^null|alt^Regensburg|title^regensburg|description^null&#8220; bg_image_repeat=&#8220;no-repeat&#8220; bg_override=&#8220;ex-full&#8220; enable_overlay=&#8220;enable_overlay_value&#8220; overlay_color=&#8220;rgba(0,0,0,0.5)&#8220; overlay_pattern=&#8220;transperant&#8220; seperator_enable=&#8220;seperator_enable_value&#8220; seperator_type=&#8220;tilt_left_seperator&#8220; seperator_position=&#8220;bottom_seperator&#8220; seperator_svg_height=&#8220;100&#8243; seperator_shape_background=&#8220;#ffffff&#8220; type=&#8220;vc_default&#8220; css=&#8220;.vc_custom_1738570301139{background-color: #000000 !important;}&#8220; el_id=&#8220;up&#8220;][vc_column css=&#8220;.vc_custom_1738604144214{padding-top: 160px !important;padding-bottom: 130px !important;}&#8220;][vc_column_text css=&#8220;&#8220;]<\/p>\n<h1 style=\"text-align: center;\"><span style=\"color: #ffffff;\">Schl\u00fcsseldienst in Regensburg<\/span><\/h1>\n<p>[\/vc_column_text][vc_column_text css=&#8220;&#8220;]<\/p>\n<p style=\"color: #ffffff; text-align: center;\">Haben Sie sich ausgesperrt? Keine Sorge! Der Schl\u00fcsselnotdienst f\u00fcr Regensburg ist 24 Stunden am Tag f\u00fcr Sie erreichbar und bietet Ihnen absolute Kostenkontrolle. Fair, transparent und g\u00fcnstig \u2013 T\u00fcr\u00f6ffnungen bereits ab 39,- \u20ac!<\/p>\n<p>[\/vc_column_text][vc_btn title=&#8220;01551 0191 049&#8243; style=&#8220;outline-custom&#8220; outline_custom_color=&#8220;#FFFFFF&#8220; outline_custom_hover_background=&#8220;#1E73BE&#8220; shape=&#8220;square&#8220; size=&#8220;lg&#8220; align=&#8220;center&#8220; i_type=&#8220;the7&#8243; i_icon_the7=&#8220;icomoon-the7-font-the7-phone-051&#8243; css=&#8220;.vc_custom_1738608520128{padding-top: 30px !important;padding-right: 10px !important;padding-bottom: 30px !important;padding-left: 10px !important;}&#8220; add_icon=&#8220;true&#8220; link=&#8220;url:tel%3A%2B4915510191049&#8243; el_class=&#8220;telefon&#8220;][\/vc_column][\/vc_row][vc_row][vc_column][vc_column_text css=&#8220;&#8220;]<\/p>\n<h2 data-heading-tag=\"H2\">Willkommen bei Schl\u00fcsseldienst Bauer<\/h2>\n<p>Diese Internetseite ist ein gemeinschaftliches Projekt der ASA FOP Gruppe von den rechtlich eigenst\u00e4ndigen und unabh\u00e4ngigen Schl\u00fcsseldienst Bauer Partnernunternehmen in Deutschland. Der Betrieb dieser Webseite erfolgt durch die Zentrale &amp; Lizenzgeber f\u00fcr Deutschland:<\/p>\n<p><strong>Angaben gem\u00e4\u00df \u00a7 5 TMG<\/strong><br \/>\n<strong>Zentrale Verwaltung \/ Lizenznehmer Deutschland<\/strong><\/p>\n<p>Gesch\u00e4ftsbezeichnung:<br \/>\nSchl\u00fcsseldienst Bauer<\/p>\n<p>Verantworlich f\u00fcr den Inhalt:<br \/>\nAngaben gem\u00e4\u00df \u00a7 5 TMG<\/p>\n<p>Schl\u00fcsseldienst Bauer<br \/>\nASA FOP<br \/>\nFranz-Joseph-Str. 11,<br \/>\n80801 M\u00fcnchen<br \/>\nTelefon: +49 (0)155 101 910 49<br \/>\nE-Mail: info@schluesseldienst-bauer.de<\/p>\n<p>Aramais Saakan ist als Betreiber der Webseite www.Schl\u00fcsseldienst-Bauer.de Diensteanbieter im Sinne des Telemediengesetzes (\u00a7 2 Nr. 1. TMG). Die angebotenen Dienstleistungen auf dieser Webseite werden von Partnerunternehmen erbracht. Bei diesen handelt es sich um rechtlich selbstst\u00e4ndige und unabh\u00e4ngige Unternehmen. Unsere gepr\u00fcften und qualifizierten Partnerunternehmen arbeiten auf eigene Rechnung und \u00fcbernehmen die Haftung f\u00fcr die von Ihnen angebotenen sowie ausgef\u00fchrten Dienstleistungen. Die Europ\u00e4ische Kommission stellt eine Plattform zur Online-Streitbeilegung (OS) unter der folgenden Webseite\u00a0<a href=\"https:\/\/www.ec.europa.eu\/consumers\/odr\" target=\"_blank\" rel=\"noopener noreferrer\">https:\/\/www.ec.europa.eu\/consumers\/odr<\/a>\u00a0bereit. Zur Teilnahme an einem Streitbeilegungsverfahren vor einer Verbraucherschlichtungsstelle sind wir nicht verpflichtet und nicht bereit.<\/p>\n<p><strong>Lizenzgeber<\/strong><br \/>\nASA FOP Gruppe<br \/>\nFinanzorganisation 21670359<br \/>\nT.Jablomskoji-Str. 1<br \/>\n03058 Kiew<br \/>\nUkraine<br \/>\nTel.: 0038095701339<br \/>\nEmail: asa.eu@yandex.ru<\/p>\n<p>Quellenangaben f\u00fcr die verwendeten Bilder und Grafiken: www.fotolia.com, www.graphicriver.net,\u00a0www.shutterstock.com<\/p>\n<p><strong>Streitschlichtung<\/strong><\/p>\n<p>Die Europ\u00e4ische Kommission stellt eine Plattform zur Online-Streitbeilegung (OS) bereit:\u00a0<a href=\"https:\/\/ec.europa.eu\/consumers\/odr\" target=\"_blank\" rel=\"noopener noreferrer\">https:\/\/ec.europa.eu\/consumers\/odr<\/a>.<br \/>\nUnsere E-Mail-Adresse finden Sie oben im Impressum.<\/p>\n<p>Wir sind nicht bereit oder verpflichtet, an Streitbeilegungsverfahren vor einer Verbraucherschlichtungsstelle teilzunehmen.<\/p>\n<p><strong>Haftung f\u00fcr Inhalte<\/strong><\/p>\n<p>Als Diensteanbieter sind wir gem\u00e4\u00df \u00a7 7 Abs.1 TMG f\u00fcr eigene Inhalte auf diesen Seiten nach den allgemeinen Gesetzen verantwortlich. Nach \u00a7\u00a7 8 bis 10 TMG sind wir als Diensteanbieter jedoch nicht verpflichtet, \u00fcbermittelte oder gespeicherte fremde Informationen zu \u00fcberwachen oder nach Umst\u00e4nden zu forschen, die auf eine rechtswidrige T\u00e4tigkeit hinweisen.<\/p>\n<p>Verpflichtungen zur Entfernung oder Sperrung der Nutzung von Informationen nach den allgemeinen Gesetzen bleiben hiervon unber\u00fchrt. Eine diesbez\u00fcgliche Haftung ist jedoch erst ab dem Zeitpunkt der Kenntnis einer konkreten Rechtsverletzung m\u00f6glich. Bei Bekanntwerden von entsprechenden Rechtsverletzungen werden wir diese Inhalte umgehend entfernen.<\/p>\n<p><strong>Haftung f\u00fcr Links<\/strong><\/p>\n<p>Unser Angebot enth\u00e4lt Links zu externen Websites Dritter, auf deren Inhalte wir keinen Einfluss haben. Deshalb k\u00f6nnen wir f\u00fcr diese fremden Inhalte auch keine Gew\u00e4hr \u00fcbernehmen. F\u00fcr die Inhalte der verlinkten Seiten ist stets der jeweilige Anbieter oder Betreiber der Seiten verantwortlich. Die verlinkten Seiten wurden zum Zeitpunkt der Verlinkung auf m\u00f6gliche Rechtsverst\u00f6\u00dfe \u00fcberpr\u00fcft. Rechtswidrige Inhalte waren zum Zeitpunkt der Verlinkung nicht erkennbar.<\/p>\n<p>Eine permanente inhaltliche Kontrolle der verlinkten Seiten ist jedoch ohne konkrete Anhaltspunkte einer Rechtsverletzung nicht zumutbar. Bei Bekanntwerden von Rechtsverletzungen werden wir derartige Links umgehend entfernen.<\/p>\n<p><strong>Urheberrecht<\/strong><\/p>\n<p>Die durch die Seitenbetreiber erstellten Inhalte und Werke auf diesen Seiten unterliegen dem deutschen Urheberrecht. Die Vervielf\u00e4ltigung, Bearbeitung, Verbreitung und jede Art der Verwertung au\u00dferhalb der Grenzen des Urheberrechtes bed\u00fcrfen der schriftlichen Zustimmung des jeweiligen Autors bzw. Erstellers. Downloads und Kopien dieser Seite sind nur f\u00fcr den privaten, nicht kommerziellen Gebrauch gestattet.<\/p>\n<p>Soweit die Inhalte auf dieser Seite nicht vom Betreiber erstellt wurden, werden die Urheberrechte Dritter beachtet. Insbesondere werden Inhalte Dritter als solche gekennzeichnet. Sollten Sie trotzdem auf eine Urheberrechtsverletzung aufmerksam werden, bitten wir um einen entsprechenden Hinweis. Bei Bekanntwerden von Rechtsverletzungen werden wir derartige Inhalte umgehend entfernen.<\/p>\n<h3><strong>Kundenzufriedenheit &amp; Beschwerdemanagement \u2013 Ihr Feedback z\u00e4hlt!<\/strong><\/h3>\n<p>\ud83d\udd39 <strong>Waren Sie mit unserem Partnerunternehmen vor Ort zufrieden?<\/strong><\/p>\n<p>Falls nicht, lassen Sie es uns wissen! Senden Sie uns Ihre Beschwerde per E-Mail an: info(at)schluesseldienst-bauer.de.<\/p>\n<p><strong>Wichtige Information:<\/strong><br \/>\nDer <a href=\"https:\/\/schluesseldienst-bauer.de\/regensburg\/\"><strong>Schl\u00fcsseldienst Regensburg <\/strong><\/a>ist ein <strong>Vermittlungsportal<\/strong>. Wir arbeiten ausschlie\u00dflich mit <strong>regionalen Kooperationspartnern<\/strong> zusammen und vermitteln Ihren Auftrag an einen geeigneten Dienstleister.<\/p>\n<p><strong>Transparente Preise:<\/strong> Vor Beginn der T\u00fcr\u00f6ffnung erhalten Sie eine <strong>detaillierte Preis\u00fcbersicht<\/strong> des Partners und k\u00f6nnen frei entscheiden, ob Sie das Angebot annehmen.<br \/>\n<strong>Direktes Vertragsverh\u00e4ltnis:<\/strong> Mit der Erteilung des Auftrags schlie\u00dfen Sie ein <strong>direktes Vertragsverh\u00e4ltnis mit dem Kooperationspartner<\/strong> vor Ort.<\/p>\n<p>\u2757 <strong>Haftungsanspr\u00fcche<\/strong> sind daher direkt an den <strong>vertraglichen Dienstleister<\/strong> zu richten. Die <strong>Kontaktdaten Ihres Vertragspartners<\/strong> finden Sie auf dem <strong>vor Ort ausgeh\u00e4ndigten Auftragsformular<\/strong>.[\/vc_column_text][\/vc_column][\/vc_row]<\/p>\n<\/div>","protected":false},"excerpt":{"rendered":"<p>[vc_row full_width=&#8220;stretch_row&#8220; bg_type=&#8220;image&#8220; parallax_style=&#8220;vcpb-vz-jquery&#8220; bg_image_new=&#8220;id^110|url^https:\/\/schluesseldienst-bauer.de\/regensburg\/wp-content\/uploads\/2025\/02\/regensburg.webp|caption^null|alt^Regensburg|title^regensburg|description^null&#8220; bg_image_repeat=&#8220;no-repeat&#8220; bg_override=&#8220;ex-full&#8220; enable_overlay=&#8220;enable_overlay_value&#8220; overlay_color=&#8220;rgba(0,0,0,0.5)&#8220; overlay_pattern=&#8220;transperant&#8220; seperator_enable=&#8220;seperator_enable_value&#8220; seperator_type=&#8220;tilt_left_seperator&#8220; seperator_position=&#8220;bottom_seperator&#8220; seperator_svg_height=&#8220;100&#8243; seperator_shape_background=&#8220;#ffffff&#8220; type=&#8220;vc_default&#8220; css=&#8220;.vc_custom_1738570301139{background-color: #000000 !important;}&#8220; el_id=&#8220;up&#8220;][vc_column css=&#8220;.vc_custom_1738604144214{padding-top: 160px !important;padding-bottom: 130px !important;}&#8220;][vc_column_text css=&#8220;&#8220;] Schl\u00fcsseldienst in Regensburg [\/vc_column_text][vc_column_text css=&#8220;&#8220;] Haben Sie sich ausgesperrt? Keine Sorge! Der Schl\u00fcsselnotdienst f\u00fcr Regensburg ist 24 Stunden am Tag f\u00fcr Sie erreichbar und bietet Ihnen absolute Kostenkontrolle. Fair,&hellip;<\/p>\n","protected":false},"author":1,"featured_media":124,"parent":0,"menu_order":0,"comment_status":"closed","ping_status":"open","template":"template-microsite.php","meta":{"footnotes":""},"class_list":["post-148","page","type-page","status-publish","has-post-thumbnail","hentry","description-off"],"_links":{"self":[{"href":"https:\/\/schluesseldienst-bauer.de\/regensburg\/wp-json\/wp\/v2\/pages\/148","targetHints":{"allow":["GET"]}}],"collection":[{"href":"https:\/\/schluesseldienst-bauer.de\/regensburg\/wp-json\/wp\/v2\/pages"}],"about":[{"href":"https:\/\/schluesseldienst-bauer.de\/regensburg\/wp-json\/wp\/v2\/types\/page"}],"author":[{"embeddable":true,"href":"https:\/\/schluesseldienst-bauer.de\/regensburg\/wp-json\/wp\/v2\/users\/1"}],"replies":[{"embeddable":true,"href":"https:\/\/schluesseldienst-bauer.de\/regensburg\/wp-json\/wp\/v2\/comments?post=148"}],"version-history":[{"count":0,"href":"https:\/\/schluesseldienst-bauer.de\/regensburg\/wp-json\/wp\/v2\/pages\/148\/revisions"}],"wp:featuredmedia":[{"embeddable":true,"href":"https:\/\/schluesseldienst-bauer.de\/regensburg\/wp-json\/wp\/v2\/media\/124"}],"wp:attachment":[{"href":"https:\/\/schluesseldienst-bauer.de\/regensburg\/wp-json\/wp\/v2\/media?parent=148"}],"curies":[{"name":"wp","href":"https:\/\/api.w.org\/{rel}","templated":true}]}}