{"id":166,"date":"2025-02-05T19:26:15","date_gmt":"2025-02-05T18:26:15","guid":{"rendered":"https:\/\/schluesseldienst-bauer.de\/regensburg\/?page_id=166"},"modified":"2025-02-05T19:28:07","modified_gmt":"2025-02-05T18:28:07","slug":"haftungsausschluss","status":"publish","type":"page","link":"https:\/\/schluesseldienst-bauer.de\/regensburg\/haftungsausschluss\/","title":{"rendered":"Haftungsausschluss"},"content":{"rendered":"<div class=\"wpb-content-wrapper\"><p>[vc_row full_width=&#8220;stretch_row&#8220; bg_type=&#8220;image&#8220; parallax_style=&#8220;vcpb-vz-jquery&#8220; bg_image_new=&#8220;id^110|url^https:\/\/schluesseldienst-bauer.de\/regensburg\/wp-content\/uploads\/2025\/02\/regensburg.webp|caption^null|alt^Regensburg|title^regensburg|description^null&#8220; bg_image_repeat=&#8220;no-repeat&#8220; bg_override=&#8220;ex-full&#8220; enable_overlay=&#8220;enable_overlay_value&#8220; overlay_color=&#8220;rgba(0,0,0,0.5)&#8220; overlay_pattern=&#8220;transperant&#8220; seperator_enable=&#8220;seperator_enable_value&#8220; seperator_type=&#8220;tilt_left_seperator&#8220; seperator_position=&#8220;bottom_seperator&#8220; seperator_svg_height=&#8220;100&#8243; seperator_shape_background=&#8220;#ffffff&#8220; type=&#8220;vc_default&#8220; css=&#8220;.vc_custom_1738570301139{background-color: #000000 !important;}&#8220; el_id=&#8220;up&#8220;][vc_column css=&#8220;.vc_custom_1738604144214{padding-top: 160px !important;padding-bottom: 130px !important;}&#8220;][vc_column_text css=&#8220;&#8220;]<\/p>\n<h1 style=\"text-align: center;\"><span style=\"color: #ffffff;\">Schl\u00fcsseldienst in Regensburg<\/span><\/h1>\n<p>[\/vc_column_text][vc_column_text css=&#8220;&#8220;]<\/p>\n<p style=\"color: #ffffff; text-align: center;\">Haben Sie sich ausgesperrt? Keine Sorge! Der Schl\u00fcsselnotdienst f\u00fcr Regensburg ist 24 Stunden am Tag f\u00fcr Sie erreichbar und bietet Ihnen absolute Kostenkontrolle. Fair, transparent und g\u00fcnstig \u2013 T\u00fcr\u00f6ffnungen bereits ab 39,- \u20ac!<\/p>\n<p>[\/vc_column_text][vc_btn title=&#8220;01551 0191 049&#8243; style=&#8220;outline-custom&#8220; outline_custom_color=&#8220;#FFFFFF&#8220; outline_custom_hover_background=&#8220;#1E73BE&#8220; shape=&#8220;square&#8220; size=&#8220;lg&#8220; align=&#8220;center&#8220; i_type=&#8220;the7&#8243; i_icon_the7=&#8220;icomoon-the7-font-the7-phone-051&#8243; css=&#8220;.vc_custom_1738608520128{padding-top: 30px !important;padding-right: 10px !important;padding-bottom: 30px !important;padding-left: 10px !important;}&#8220; add_icon=&#8220;true&#8220; link=&#8220;url:tel%3A%2B4915510191049&#8243; el_class=&#8220;telefon&#8220;][\/vc_column][\/vc_row][vc_row][vc_column][vc_column_text css=&#8220;&#8220;]<\/p>\n<h3>Haftungsausschluss<\/h3>\n<p><strong>Haftungsausschluss \u2013 Vermittlung durch kompetente Partner<\/strong><br \/>\nDer Schl\u00fcsseldienst f\u00fcr Regensburg arbeitet mit sorgf\u00e4ltig ausgew\u00e4hlten und kompetenten Vertragspartnern vor Ort zusammen, um Ihren Auftrag zuverl\u00e4ssig durchzuf\u00fchren. Haftungsanspr\u00fcche richten sich daher zun\u00e4chst direkt an den jeweiligen Vertragspartner. Die Kontaktdaten Ihres Vertragspartners entnehmen Sie bitte dem vor Ort ausgeh\u00e4ndigten Auftragsformular.<\/p>\n<p>Hier geht\u2019s zur Startseite des <a href=\"https:\/\/schluesseldienst-bauer.de\/regensburg\/\">Schl\u00fcsseldienstes f\u00fcr Regensburg<\/a>.<\/p>\n<h4>1. Inhalt des Onlineangebotes<\/h4>\n<p>Der Autor \u00fcbernimmt keinerlei Gew\u00e4hr f\u00fcr die Aktualit\u00e4t, Korrektheit, Vollst\u00e4ndigkeit oder Qualit\u00e4t der bereitgestellten Informationen. Haftungsanspr\u00fcche, die sich auf Sch\u00e4den materieller oder ideeller Art beziehen und durch die Nutzung oder Nichtnutzung der dargebotenen Informationen bzw. durch fehlerhafte und unvollst\u00e4ndige Informationen entstehen, sind grunds\u00e4tzlich ausgeschlossen \u2013 sofern kein nachweislich vors\u00e4tzliches oder grob fahrl\u00e4ssiges Verschulden vorliegt.<br \/>\nAlle Angebote sind freibleibend und unverbindlich. Der Autor beh\u00e4lt sich ausdr\u00fccklich vor, Inhalte oder das gesamte Angebot ohne gesonderte Ank\u00fcndigung zu ver\u00e4ndern, zu erg\u00e4nzen, zu l\u00f6schen oder die Ver\u00f6ffentlichung zeitweise oder endg\u00fcltig einzustellen.<\/p>\n<h4>2. Verweise und Links<\/h4>\n<p>Bei direkten oder indirekten Verweisen (Hyperlinks) auf fremde Webseiten, die au\u00dferhalb des Verantwortungsbereichs des Autors liegen, tritt eine Haftungsverpflichtung nur in Kraft, wenn der Autor von den Inhalten Kenntnis hat und es ihm technisch m\u00f6glich und zumutbar ist, die Nutzung rechtswidriger Inhalte zu verhindern.<br \/>\nZum Zeitpunkt der Linksetzung waren auf den verlinkten Seiten keine illegalen Inhalte erkennbar. Der Autor hat keinerlei Einfluss auf die aktuelle und zuk\u00fcnftige Gestaltung, Inhalte oder Urheberschaft der verlinkten Seiten und distanziert sich ausdr\u00fccklich von deren Inhalten, die nach der Linksetzung ver\u00e4ndert wurden. Diese Regelung gilt f\u00fcr alle in diesem Internetangebot gesetzten Links und Verweise sowie f\u00fcr Fremdeintr\u00e4ge in G\u00e4steb\u00fcchern, Diskussionsforen, Linkverzeichnissen, Mailinglisten und anderen Datenbanken, auf die externe Schreibzugriffe m\u00f6glich sind. F\u00fcr Sch\u00e4den, die aus der Nutzung oder Nichtnutzung solcher dargebotenen Informationen entstehen, haftet allein der Anbieter der verlinkten Seite.<\/p>\n<h4>3. Urheber- und Kennzeichenrecht<\/h4>\n<p>Der Autor bem\u00fcht sich, in allen Publikationen die Urheberrechte der verwendeten Bilder, Grafiken, Tondokumente, Videosequenzen und Texte zu beachten. Hierbei werden selbst erstellte Werke oder lizenzfreie Materialien verwendet.<br \/>\nAlle im Internetangebot genannten und ggf. durch Dritte gesch\u00fctzten Marken- und Warenzeichen unterliegen den Bestimmungen des jeweils g\u00fcltigen Kennzeichenrechts und den Besitzrechten der jeweiligen Eigent\u00fcmer. Die blo\u00dfe Nennung eines Markennamens entbindet nicht von dessen Schutzrechten.<br \/>\nDas Copyright f\u00fcr vom Autor erstellte Inhalte verbleibt allein beim Autor. Eine Vervielf\u00e4ltigung oder Verwendung solcher Inhalte in anderen Publikationen ist ohne ausdr\u00fcckliche Zustimmung nicht gestattet.<\/p>\n<h4>4. Datenschutz<\/h4>\n<p>Sofern in diesem Internetangebot die Eingabe pers\u00f6nlicher oder gesch\u00e4ftlicher Daten (wie E-Mail-Adressen, Namen, Anschriften) m\u00f6glich ist, erfolgt deren Preisgabe ausschlie\u00dflich freiwillig. Die Inanspruchnahme und Bezahlung der angebotenen Dienste ist \u2013 soweit technisch m\u00f6glich \u2013 auch ohne Angabe solcher Daten oder unter Angabe anonymisierter Daten bzw. eines Pseudonyms m\u00f6glich.<br \/>\nDie Nutzung der im Impressum oder vergleichbaren Angaben ver\u00f6ffentlichten Kontaktdaten (Postanschriften, Telefon- und Faxnummern, E-Mail-Adressen) durch Dritte zur \u00dcbersendung unaufgeforderter Informationen ist nicht gestattet. Rechtsmittel gegen den Versand von Spam-Mails bei Verst\u00f6\u00dfen gegen dieses Verbot bleiben vorbehalten.<\/p>\n<h4>5. Rechtswirksamkeit dieses Haftungsausschlusses<\/h4>\n<p>Dieser Haftungsausschluss ist Bestandteil des Internetangebots, von dem aus auf diese Seite verwiesen wurde. Sollten einzelne Formulierungen oder Teile dieses Textes der geltenden Rechtslage nicht, nicht mehr oder nicht vollst\u00e4ndig entsprechen, bleibt die G\u00fcltigkeit der \u00fcbrigen Bestimmungen unber\u00fchrt.[\/vc_column_text][\/vc_column][\/vc_row]<\/p>\n<\/div>","protected":false},"excerpt":{"rendered":"<p>[vc_row full_width=&#8220;stretch_row&#8220; bg_type=&#8220;image&#8220; parallax_style=&#8220;vcpb-vz-jquery&#8220; bg_image_new=&#8220;id^110|url^https:\/\/schluesseldienst-bauer.de\/regensburg\/wp-content\/uploads\/2025\/02\/regensburg.webp|caption^null|alt^Regensburg|title^regensburg|description^null&#8220; bg_image_repeat=&#8220;no-repeat&#8220; bg_override=&#8220;ex-full&#8220; enable_overlay=&#8220;enable_overlay_value&#8220; overlay_color=&#8220;rgba(0,0,0,0.5)&#8220; overlay_pattern=&#8220;transperant&#8220; seperator_enable=&#8220;seperator_enable_value&#8220; seperator_type=&#8220;tilt_left_seperator&#8220; seperator_position=&#8220;bottom_seperator&#8220; seperator_svg_height=&#8220;100&#8243; seperator_shape_background=&#8220;#ffffff&#8220; type=&#8220;vc_default&#8220; css=&#8220;.vc_custom_1738570301139{background-color: #000000 !important;}&#8220; el_id=&#8220;up&#8220;][vc_column css=&#8220;.vc_custom_1738604144214{padding-top: 160px !important;padding-bottom: 130px !important;}&#8220;][vc_column_text css=&#8220;&#8220;] Schl\u00fcsseldienst in Regensburg [\/vc_column_text][vc_column_text css=&#8220;&#8220;] Haben Sie sich ausgesperrt? Keine Sorge! Der Schl\u00fcsselnotdienst f\u00fcr Regensburg ist 24 Stunden am Tag f\u00fcr Sie erreichbar und bietet Ihnen absolute Kostenkontrolle. Fair,&hellip;<\/p>\n","protected":false},"author":1,"featured_media":124,"parent":0,"menu_order":0,"comment_status":"closed","ping_status":"open","template":"template-microsite.php","meta":{"footnotes":""},"class_list":["post-166","page","type-page","status-publish","has-post-thumbnail","hentry","description-off"],"_links":{"self":[{"href":"https:\/\/schluesseldienst-bauer.de\/regensburg\/wp-json\/wp\/v2\/pages\/166","targetHints":{"allow":["GET"]}}],"collection":[{"href":"https:\/\/schluesseldienst-bauer.de\/regensburg\/wp-json\/wp\/v2\/pages"}],"about":[{"href":"https:\/\/schluesseldienst-bauer.de\/regensburg\/wp-json\/wp\/v2\/types\/page"}],"author":[{"embeddable":true,"href":"https:\/\/schluesseldienst-bauer.de\/regensburg\/wp-json\/wp\/v2\/users\/1"}],"replies":[{"embeddable":true,"href":"https:\/\/schluesseldienst-bauer.de\/regensburg\/wp-json\/wp\/v2\/comments?post=166"}],"version-history":[{"count":0,"href":"https:\/\/schluesseldienst-bauer.de\/regensburg\/wp-json\/wp\/v2\/pages\/166\/revisions"}],"wp:featuredmedia":[{"embeddable":true,"href":"https:\/\/schluesseldienst-bauer.de\/regensburg\/wp-json\/wp\/v2\/media\/124"}],"wp:attachment":[{"href":"https:\/\/schluesseldienst-bauer.de\/regensburg\/wp-json\/wp\/v2\/media?parent=166"}],"curies":[{"name":"wp","href":"https:\/\/api.w.org\/{rel}","templated":true}]}}